{"id":3896,"date":"2021-01-18T15:11:50","date_gmt":"2021-01-18T14:11:50","guid":{"rendered":"http:\/\/fitonasalplspray.multisite.aboca.com\/?page_id=3896"},"modified":"2021-07-02T12:14:45","modified_gmt":"2021-07-02T10:14:45","slug":"home","status":"publish","type":"page","link":"https:\/\/www.fitonasal.pl\/spray\/","title":{"rendered":"Fitonasal skoncentrowany spray"},"content":{"rendered":"\n<h2 class=\"wp-block-heading\">U\u0142atwia oddychanie i chroni Tw\u00f3j nos.<\/h2>\n\n\n\n<div style=\"height:50px\" aria-hidden=\"true\" class=\"wp-block-spacer\"><\/div>\n\n\n\n<p>Prawid\u0142owe oddychanie jest wa\u017cne. Przezi\u0119bienie, alergia i zatkany nos mog\u0105 stanowi\u0107 problem.&nbsp;<strong>Fitonasal skoncentrowany<\/strong>&nbsp;spray&nbsp;to preparat udra\u017cniaj\u0105cy, kt\u00f3ry dba o b\u0142on\u0119 \u015bluzow\u0105 Twojego nosa, chroni\u0105c j\u0105 i w konsekwencji tak\u017ce regeneruj\u0105c. Produkt zawiera&nbsp;<strong>Tannisal-FL<\/strong>, kompleks molekularny sk\u0142adaj\u0105cy si\u0119 z tanin, flawonoid\u00f3w i halitu.<\/p>\n\n\n\n<p><strong>I zn\u00f3w zaczniesz oddycha\u0107.<\/strong><\/p>\n","protected":false},"excerpt":{"rendered":"<p>U\u0142atwia oddychanie i chroni Tw\u00f3j nos. Prawid\u0142owe oddychanie jest wa\u017cne. Przezi\u0119bienie, alergia i zatkany nos mog\u0105 stanowi\u0107 problem.&nbsp;Fitonasal skoncentrowany&nbsp;spray&nbsp;to preparat udra\u017cniaj\u0105cy, kt\u00f3ry dba o b\u0142on\u0119 \u015bluzow\u0105 Twojego nosa, chroni\u0105c j\u0105 i w konsekwencji tak\u017ce regeneruj\u0105c. Produkt zawiera&nbsp;Tannisal-FL, kompleks molekularny sk\u0142adaj\u0105cy si\u0119 z tanin, flawonoid\u00f3w i halitu. I zn\u00f3w zaczniesz oddycha\u0107.<\/p>\n","protected":false},"author":2,"featured_media":0,"parent":0,"menu_order":0,"comment_status":"closed","ping_status":"closed","template":"","meta":{"footnotes":""},"class_list":["post-3896","page","type-page","status-publish","hentry"],"yoast_head":"<!-- This site is optimized with the Yoast SEO plugin v27.2 - https:\/\/yoast.com\/product\/yoast-seo-wordpress\/ -->\n<title>Fitonasal skoncentrowany spray<\/title>\n<meta name=\"description\" content=\"Skoncentrowany Fitonasal Spray to \u015brodek obkurczaj\u0105cy b\u0142on\u0119 \u015bluzow\u0105 nosa, kt\u00f3ry szanuje b\u0142on\u0119 \u015bluzow\u0105 nosa, chroni j\u0105 i w konsekwencji regeneruje.\" \/>\n<meta name=\"robots\" content=\"index, follow, max-snippet:-1, max-image-preview:large, max-video-preview:-1\" \/>\n<link rel=\"canonical\" href=\"https:\/\/www.fitonasal.pl\/spray\/\" \/>\n<meta property=\"og:locale\" content=\"pl_PL\" \/>\n<meta property=\"og:type\" content=\"article\" \/>\n<meta property=\"og:title\" content=\"Fitonasal skoncentrowany spray\" \/>\n<meta property=\"og:description\" content=\"Skoncentrowany Fitonasal Spray to \u015brodek obkurczaj\u0105cy b\u0142on\u0119 \u015bluzow\u0105 nosa, kt\u00f3ry szanuje b\u0142on\u0119 \u015bluzow\u0105 nosa, chroni j\u0105 i w konsekwencji regeneruje.\" \/>\n<meta property=\"og:url\" content=\"https:\/\/www.fitonasal.pl\/spray\/\" \/>\n<meta property=\"og:site_name\" content=\"Fitonasal Spray\" \/>\n<meta property=\"article:modified_time\" content=\"2021-07-02T10:14:45+00:00\" \/>\n<meta name=\"twitter:card\" content=\"summary_large_image\" \/>\n<meta name=\"twitter:label1\" content=\"Szacowany czas czytania\" \/>\n\t<meta name=\"twitter:data1\" content=\"1 minuta\" \/>\n<script type=\"application\/ld+json\" class=\"yoast-schema-graph\">{\"@context\":\"https:\/\/schema.org\",\"@graph\":[{\"@type\":\"WebPage\",\"@id\":\"https:\/\/www.fitonasal.pl\/spray\/\",\"url\":\"https:\/\/www.fitonasal.pl\/spray\/\",\"name\":\"Fitonasal skoncentrowany spray\",\"isPartOf\":{\"@id\":\"https:\/\/www.fitonasal.pl\/spray\/#website\"},\"datePublished\":\"2021-01-18T14:11:50+00:00\",\"dateModified\":\"2021-07-02T10:14:45+00:00\",\"description\":\"Skoncentrowany Fitonasal Spray to \u015brodek obkurczaj\u0105cy b\u0142on\u0119 \u015bluzow\u0105 nosa, kt\u00f3ry szanuje b\u0142on\u0119 \u015bluzow\u0105 nosa, chroni j\u0105 i w konsekwencji regeneruje.\",\"breadcrumb\":{\"@id\":\"https:\/\/www.fitonasal.pl\/spray\/#breadcrumb\"},\"inLanguage\":\"pl-PL\",\"potentialAction\":[{\"@type\":\"ReadAction\",\"target\":[\"https:\/\/www.fitonasal.pl\/spray\/\"]}]},{\"@type\":\"BreadcrumbList\",\"@id\":\"https:\/\/www.fitonasal.pl\/spray\/#breadcrumb\",\"itemListElement\":[{\"@type\":\"ListItem\",\"position\":1,\"name\":\"Home\",\"item\":\"https:\/\/www.fitonasal.pl\/spray\/\"},{\"@type\":\"ListItem\",\"position\":2,\"name\":\"Fitonasal skoncentrowany spray\"}]},{\"@type\":\"WebSite\",\"@id\":\"https:\/\/www.fitonasal.pl\/spray\/#website\",\"url\":\"https:\/\/www.fitonasal.pl\/spray\/\",\"name\":\"Fitonasal Spray\",\"description\":\"Skoncentrowany Fitonasal Spray to \u015brodek obkurczaj\u0105cy b\u0142on\u0119 \u015bluzow\u0105 nosa, kt\u00f3ry szanuje b\u0142on\u0119 \u015bluzow\u0105 nosa, chroni j\u0105 i w konsekwencji regeneruje.\",\"potentialAction\":[{\"@type\":\"SearchAction\",\"target\":{\"@type\":\"EntryPoint\",\"urlTemplate\":\"https:\/\/www.fitonasal.pl\/spray\/?s={search_term_string}\"},\"query-input\":{\"@type\":\"PropertyValueSpecification\",\"valueRequired\":true,\"valueName\":\"search_term_string\"}}],\"inLanguage\":\"pl-PL\"}]}<\/script>\n<!-- \/ Yoast SEO plugin. -->","yoast_head_json":{"title":"Fitonasal skoncentrowany spray","description":"Skoncentrowany Fitonasal Spray to \u015brodek obkurczaj\u0105cy b\u0142on\u0119 \u015bluzow\u0105 nosa, kt\u00f3ry szanuje b\u0142on\u0119 \u015bluzow\u0105 nosa, chroni j\u0105 i w konsekwencji regeneruje.","robots":{"index":"index","follow":"follow","max-snippet":"max-snippet:-1","max-image-preview":"max-image-preview:large","max-video-preview":"max-video-preview:-1"},"canonical":"https:\/\/www.fitonasal.pl\/spray\/","og_locale":"pl_PL","og_type":"article","og_title":"Fitonasal skoncentrowany spray","og_description":"Skoncentrowany Fitonasal Spray to \u015brodek obkurczaj\u0105cy b\u0142on\u0119 \u015bluzow\u0105 nosa, kt\u00f3ry szanuje b\u0142on\u0119 \u015bluzow\u0105 nosa, chroni j\u0105 i w konsekwencji regeneruje.","og_url":"https:\/\/www.fitonasal.pl\/spray\/","og_site_name":"Fitonasal Spray","article_modified_time":"2021-07-02T10:14:45+00:00","twitter_card":"summary_large_image","twitter_misc":{"Szacowany czas czytania":"1 minuta"},"schema":{"@context":"https:\/\/schema.org","@graph":[{"@type":"WebPage","@id":"https:\/\/www.fitonasal.pl\/spray\/","url":"https:\/\/www.fitonasal.pl\/spray\/","name":"Fitonasal skoncentrowany spray","isPartOf":{"@id":"https:\/\/www.fitonasal.pl\/spray\/#website"},"datePublished":"2021-01-18T14:11:50+00:00","dateModified":"2021-07-02T10:14:45+00:00","description":"Skoncentrowany Fitonasal Spray to \u015brodek obkurczaj\u0105cy b\u0142on\u0119 \u015bluzow\u0105 nosa, kt\u00f3ry szanuje b\u0142on\u0119 \u015bluzow\u0105 nosa, chroni j\u0105 i w konsekwencji regeneruje.","breadcrumb":{"@id":"https:\/\/www.fitonasal.pl\/spray\/#breadcrumb"},"inLanguage":"pl-PL","potentialAction":[{"@type":"ReadAction","target":["https:\/\/www.fitonasal.pl\/spray\/"]}]},{"@type":"BreadcrumbList","@id":"https:\/\/www.fitonasal.pl\/spray\/#breadcrumb","itemListElement":[{"@type":"ListItem","position":1,"name":"Home","item":"https:\/\/www.fitonasal.pl\/spray\/"},{"@type":"ListItem","position":2,"name":"Fitonasal skoncentrowany spray"}]},{"@type":"WebSite","@id":"https:\/\/www.fitonasal.pl\/spray\/#website","url":"https:\/\/www.fitonasal.pl\/spray\/","name":"Fitonasal Spray","description":"Skoncentrowany Fitonasal Spray to \u015brodek obkurczaj\u0105cy b\u0142on\u0119 \u015bluzow\u0105 nosa, kt\u00f3ry szanuje b\u0142on\u0119 \u015bluzow\u0105 nosa, chroni j\u0105 i w konsekwencji regeneruje.","potentialAction":[{"@type":"SearchAction","target":{"@type":"EntryPoint","urlTemplate":"https:\/\/www.fitonasal.pl\/spray\/?s={search_term_string}"},"query-input":{"@type":"PropertyValueSpecification","valueRequired":true,"valueName":"search_term_string"}}],"inLanguage":"pl-PL"}]}},"_links":{"self":[{"href":"https:\/\/www.fitonasal.pl\/spray\/wp-json\/wp\/v2\/pages\/3896","targetHints":{"allow":["GET"]}}],"collection":[{"href":"https:\/\/www.fitonasal.pl\/spray\/wp-json\/wp\/v2\/pages"}],"about":[{"href":"https:\/\/www.fitonasal.pl\/spray\/wp-json\/wp\/v2\/types\/page"}],"author":[{"embeddable":true,"href":"https:\/\/www.fitonasal.pl\/spray\/wp-json\/wp\/v2\/users\/2"}],"replies":[{"embeddable":true,"href":"https:\/\/www.fitonasal.pl\/spray\/wp-json\/wp\/v2\/comments?post=3896"}],"version-history":[{"count":5,"href":"https:\/\/www.fitonasal.pl\/spray\/wp-json\/wp\/v2\/pages\/3896\/revisions"}],"predecessor-version":[{"id":4101,"href":"https:\/\/www.fitonasal.pl\/spray\/wp-json\/wp\/v2\/pages\/3896\/revisions\/4101"}],"wp:attachment":[{"href":"https:\/\/www.fitonasal.pl\/spray\/wp-json\/wp\/v2\/media?parent=3896"}],"curies":[{"name":"wp","href":"https:\/\/api.w.org\/{rel}","templated":true}]}}